{"id":385,"date":"2022-12-21T12:01:24","date_gmt":"2022-12-21T10:01:24","guid":{"rendered":"https:\/\/costablancagreen.buddyestates.com\/el-proceso-de-compra\/"},"modified":"2023-01-10T12:16:15","modified_gmt":"2023-01-10T10:16:15","slug":"el-proceso-de-compra","status":"publish","type":"page","link":"https:\/\/costablancagreen.com\/es\/el-proceso-de-compra\/","title":{"rendered":"El Proceso de compra"},"content":{"rendered":"\t\t<div data-elementor-type=\"wp-page\" data-elementor-id=\"385\" class=\"elementor elementor-385 elementor-336\" data-elementor-post-type=\"page\">\n\t\t\t\t\t\t<section class=\"elementor-section elementor-top-section elementor-element elementor-element-89a530a elementor-section-full_width elementor-section-height-min-height elementor-section-height-default elementor-section-items-middle\" data-id=\"89a530a\" data-element_type=\"section\" data-settings=\"{&quot;background_background&quot;:&quot;classic&quot;}\">\n\t\t\t\t\t\t<div class=\"elementor-container elementor-column-gap-no\">\n\t\t\t\t\t<div class=\"elementor-column elementor-col-100 elementor-top-column elementor-element elementor-element-3cd6c90\" data-id=\"3cd6c90\" data-element_type=\"column\">\n\t\t\t<div class=\"elementor-widget-wrap\">\n\t\t\t\t\t\t\t<\/div>\n\t\t<\/div>\n\t\t\t\t\t<\/div>\n\t\t<\/section>\n\t\t\t\t<section class=\"elementor-section elementor-top-section elementor-element elementor-element-2915a3f elementor-section-boxed elementor-section-height-default elementor-section-height-default\" data-id=\"2915a3f\" data-element_type=\"section\">\n\t\t\t\t\t\t<div class=\"elementor-container elementor-column-gap-no\">\n\t\t\t\t\t<div class=\"elementor-column elementor-col-100 elementor-top-column elementor-element elementor-element-f88e150\" data-id=\"f88e150\" data-element_type=\"column\">\n\t\t\t<div class=\"elementor-widget-wrap elementor-element-populated\">\n\t\t\t\t\t\t<section class=\"elementor-section elementor-inner-section elementor-element elementor-element-d249799 elementor-section-boxed elementor-section-height-default elementor-section-height-default\" data-id=\"d249799\" data-element_type=\"section\">\n\t\t\t\t\t\t<div class=\"elementor-container elementor-column-gap-no\">\n\t\t\t\t\t<div class=\"elementor-column elementor-col-100 elementor-inner-column elementor-element elementor-element-72e3cc3\" data-id=\"72e3cc3\" data-element_type=\"column\">\n\t\t\t<div class=\"elementor-widget-wrap elementor-element-populated\">\n\t\t\t\t\t\t<div class=\"elementor-element elementor-element-02c57c0 elementor-widget elementor-widget-heading\" data-id=\"02c57c0\" data-element_type=\"widget\" data-widget_type=\"heading.default\">\n\t\t\t\t<div class=\"elementor-widget-container\">\n\t\t\t\t\t<h1 class=\"elementor-heading-title elementor-size-default\">El Proceso de compra<\/h1>\t\t\t\t<\/div>\n\t\t\t\t<\/div>\n\t\t\t\t<div class=\"elementor-element elementor-element-caac873 elementor-widget elementor-widget-text-editor\" data-id=\"caac873\" data-element_type=\"widget\" data-widget_type=\"text-editor.default\">\n\t\t\t\t<div class=\"elementor-widget-container\">\n\t\t\t\t\t\t\t\t\t<p>Comprar una vivienda de Costablancagreen es realmente sencillo. Estaremos encantados de guiarle y asesorarle antes, durante y despu\u00e9s del proceso de compra. Aunque no existe una f\u00f3rmula exacta, dado que cada operaci\u00f3n es diferente, a continuaci\u00f3n le mostramos una gu\u00eda orientativa para la compra:<\/p>\n<p><strong>1.- NEGOCIACI\u00d3N.<\/strong><br \/>\nUna vez haya tomado la decisi\u00f3n de compra de una propiedad concreta, transmitiremos o comunicaremos al propietario su intenci\u00f3n y concretaremos los t\u00e9rminos y condiciones de la operaci\u00f3n.<\/p>\n<p><strong>2.- RESERVA Y CONTRATO PRIVADO.<\/strong><br \/>\nCuando se llega a un acuerdo entre ambas partes, prepararemos el contrato privado de compraventa para hacer el dep\u00f3sito de reserva de la propiedad. Es el siguiente paso para el comprador y el vendedor. En \u00e9l se indican los nombres y documentos acreditativos de las partes, la identificaci\u00f3n del inmueble, datos bancarios del vendedor, el precio de venta acordado, la duraci\u00f3n de la reserva y cualquier cl\u00e1usula adicional que se haya pactado con respecto a la compra. El importe de la reserva se env\u00eda normalmente a la cuenta de la parte vendedora y en ese momento la propiedad se retira del mercado<\/p>\n<p>El comprador paga habitualmente un 10% del precio de compra en concepto de reserva o dep\u00f3sito directamente a la cuenta bancaria designada por los vendedores.En este contrato se establece la fecha para la transferencia final de la titularidad de la propiedad ante Notario mediante firma de Escritura P\u00fablica.<\/p>\n<p>Simult\u00e1neamente solicitamos en el Registro de la Propiedad, Catastro Inmobiliario y Ayuntamiento todos los documentos referidos al inmueble para asegurarnos de que ellos est\u00e1n en orden, que no haya embargos, deudas ni infracciones urban\u00edsticas. Si alguna documentaci\u00f3n est\u00e1 incompleta, por ejemplo, queda por inscribir en el Registro de la Propiedad alguna parte de la misma, nuestra agencia se encarga, junto con la parte vendedora, de solventarlo para que todo est\u00e9 en perfecto orden el d\u00eda de la firma ante Notario.<\/p>\n<p><strong>3.- HIPOTECA.<\/strong><br \/>\nAquellos compradores que requieran financiaci\u00f3n para la compra de su propiedad, les pondremos en contacto directo con nuestras entidades bancarias colaboradoras para que les faciliten un estudio de viabilidad y una oferta hipotecaria.<\/p>\n<p><strong>4.- ESCRITURA P\u00daBLICA DE COMPRAVENTA.<\/strong><br \/>\nUna vez fijada la fecha y hora para la firma de la compraventa ante Notario, nosotros organizamos la cita con la Notar\u00eda, le enviamos toda la documentaci\u00f3n necesaria para preparar el borrador de la Escritura P\u00fablica de Compraventa, lo revisamos para que todo est\u00e9 preparado y pueda ser le\u00eddo por ambas partes con anterioridad. Durante la cita con el Notario, le acompa\u00f1amos y estamos presentes en la firma. En este momento, es cuando se paga a los vendedores el resto del precio acordado, se firma la Escritura P\u00fablica, recibir\u00e1n las llaves y la posesi\u00f3n del inmueble, al igual que se entregar\u00e1n copias simples del documento que se ha firmado.<\/p>\n<p>La Escritura original, se lleva al Registro de la Propiedad correspondiente para que la propiedad quede registrada a nombre del comprador. Una vez est\u00e9 registrada la notar\u00eda nos avisar\u00e1 para que la puedan retirar.<\/p>\n<p>Los cambios de titularidad y domiciliaci\u00f3n bancaria de los contratos de suministros (electricidad, agua, gas, tel\u00e9fono, Internet), comunidad de propietarios y tributos locales (I.B.I. y Tasa de Recogida de Residuos S\u00f3lidos) se realizar\u00e1n al d\u00eda siguiente de la firma y una vez est\u00e9n todos a nombre del comprador contactaremos con usted y le entregaremos los nuevos contratos.<\/p>\n<p>Nuestros servicios a\u00fan no han acabado. Como nuevo propietario te beneficiar\u00e1s de nuestros servicios posventa para compradores.<\/p>\n<p><strong>5.- GASTOS E IMPUESTOS DE LA COMPRA.<\/strong><br \/>\nAdem\u00e1s del precio de compra de una propiedad, existen unos gastos e impuestos asociados a la compraventa de la vivienda que el comprador debe tener en cuenta. A continuaci\u00f3n le resumimos en qu\u00e9 consiste cada uno:<\/p>\n<p><strong>&#8211; Notaria.<\/strong><br \/>\nLa notar\u00eda, es el lugar elegido normalmente por el comprador y el gasto a considerar a la hora de comprar un inmueble ya sea de nueva construcci\u00f3n o de segunda mano, llamados aranceles, honorarios de los notarios, puede variar.<\/p>\n<p><strong>&#8211; Registro de la Propiedad.<\/strong><br \/>\nInscribir la escritura firmada por el notario en el Registro de la Propiedad es a cuenta del comprador, los honorarios est\u00e1n fijados por normativa y dependen directamente del precio del inmueble.<\/p>\n<p>-Impuestos asociados a la compraventa en viviendas de segunda mano.  En este caso se debe abonar el Impuesto de Transmisiones Patrimoniales (I.T.P) que en la actualidad es un 10% sobre el valor del inmueble<\/p>\n<p><strong>Impuestos vinculados a la compraventa si la vivienda es de nueva construcci\u00f3n.<\/strong><\/p>\n<p>&#8211; Cuando la compra se realiza directamente al promotor inmobiliario: Viviendas Nuevas . La tasa de IVA a pagar es del 10% sobre el valor del inmueble. Adem\u00e1s hay que pagar un impuesto de Actos Jur\u00eddicos Documentados que, desde el 6 de agosto de 2013, asciende al 1.5%.<\/p>\n\t\t\t\t\t\t\t\t<\/div>\n\t\t\t\t<\/div>\n\t\t\t\t\t<\/div>\n\t\t<\/div>\n\t\t\t\t\t<\/div>\n\t\t<\/section>\n\t\t\t\t\t<\/div>\n\t\t<\/div>\n\t\t\t\t\t<\/div>\n\t\t<\/section>\n\t\t\t\t<\/div>\n\t\t","protected":false},"excerpt":{"rendered":"<p>El Proceso de compra Comprar una vivienda de Costablancagreen es realmente sencillo. Estaremos encantados de guiarle y asesorarle antes, durante y despu\u00e9s del proceso de compra. Aunque no existe una f\u00f3rmula exacta, dado que cada operaci\u00f3n es diferente, a continuaci\u00f3n le mostramos una gu\u00eda orientativa para la compra: 1.- NEGOCIACI\u00d3N. Una vez haya tomado la [&hellip;]<\/p>\n","protected":false},"author":1,"featured_media":0,"parent":0,"menu_order":0,"comment_status":"closed","ping_status":"closed","template":"elementor_header_footer","meta":{"footnotes":""},"class_list":["post-385","page","type-page","status-publish","hentry"],"yoast_head":"<!-- This site is optimized with the Yoast SEO plugin v25.6 - https:\/\/yoast.com\/wordpress\/plugins\/seo\/ -->\n<title>El Proceso de compra - Costa Blanca Green Real Estate<\/title>\n<meta name=\"robots\" content=\"index, follow, max-snippet:-1, max-image-preview:large, max-video-preview:-1\" \/>\n<link rel=\"canonical\" href=\"https:\/\/costablancagreen.com\/es\/el-proceso-de-compra\/\" \/>\n<meta property=\"og:locale\" content=\"es_ES\" \/>\n<meta property=\"og:type\" content=\"article\" \/>\n<meta property=\"og:title\" content=\"El Proceso de compra - Costa Blanca Green Real Estate\" \/>\n<meta property=\"og:description\" content=\"El Proceso de compra Comprar una vivienda de Costablancagreen es realmente sencillo. Estaremos encantados de guiarle y asesorarle antes, durante y despu\u00e9s del proceso de compra. Aunque no existe una f\u00f3rmula exacta, dado que cada operaci\u00f3n es diferente, a continuaci\u00f3n le mostramos una gu\u00eda orientativa para la compra: 1.- NEGOCIACI\u00d3N. Una vez haya tomado la [&hellip;]\" \/>\n<meta property=\"og:url\" content=\"https:\/\/costablancagreen.com\/es\/el-proceso-de-compra\/\" \/>\n<meta property=\"og:site_name\" content=\"Costa Blanca Green Real Estate\" \/>\n<meta property=\"article:modified_time\" content=\"2023-01-10T10:16:15+00:00\" \/>\n<meta name=\"twitter:card\" content=\"summary_large_image\" \/>\n<meta name=\"twitter:label1\" content=\"Tiempo de lectura\" \/>\n\t<meta name=\"twitter:data1\" content=\"4 minutos\" \/>\n<script type=\"application\/ld+json\" class=\"yoast-schema-graph\">{\"@context\":\"https:\/\/schema.org\",\"@graph\":[{\"@type\":\"WebPage\",\"@id\":\"https:\/\/costablancagreen.com\/es\/el-proceso-de-compra\/\",\"url\":\"https:\/\/costablancagreen.com\/es\/el-proceso-de-compra\/\",\"name\":\"El Proceso de compra - Costa Blanca Green Real Estate\",\"isPartOf\":{\"@id\":\"https:\/\/costablancagreen.com\/#website\"},\"datePublished\":\"2022-12-21T10:01:24+00:00\",\"dateModified\":\"2023-01-10T10:16:15+00:00\",\"breadcrumb\":{\"@id\":\"https:\/\/costablancagreen.com\/es\/el-proceso-de-compra\/#breadcrumb\"},\"inLanguage\":\"es\",\"potentialAction\":[{\"@type\":\"ReadAction\",\"target\":[\"https:\/\/costablancagreen.com\/es\/el-proceso-de-compra\/\"]}]},{\"@type\":\"BreadcrumbList\",\"@id\":\"https:\/\/costablancagreen.com\/es\/el-proceso-de-compra\/#breadcrumb\",\"itemListElement\":[{\"@type\":\"ListItem\",\"position\":1,\"name\":\"Home\",\"item\":\"https:\/\/costablancagreen.com\/\"},{\"@type\":\"ListItem\",\"position\":2,\"name\":\"El Proceso de compra\"}]},{\"@type\":\"WebSite\",\"@id\":\"https:\/\/costablancagreen.com\/#website\",\"url\":\"https:\/\/costablancagreen.com\/\",\"name\":\"Costa Blanca Green Real Estate\",\"description\":\"\",\"publisher\":{\"@id\":\"https:\/\/costablancagreen.com\/#organization\"},\"potentialAction\":[{\"@type\":\"SearchAction\",\"target\":{\"@type\":\"EntryPoint\",\"urlTemplate\":\"https:\/\/costablancagreen.com\/?s={search_term_string}\"},\"query-input\":{\"@type\":\"PropertyValueSpecification\",\"valueRequired\":true,\"valueName\":\"search_term_string\"}}],\"inLanguage\":\"es\"},{\"@type\":\"Organization\",\"@id\":\"https:\/\/costablancagreen.com\/#organization\",\"name\":\"Costa Blanca Green Real Estate\",\"url\":\"https:\/\/costablancagreen.com\/\",\"logo\":{\"@type\":\"ImageObject\",\"inLanguage\":\"es\",\"@id\":\"https:\/\/costablancagreen.com\/#\/schema\/logo\/image\/\",\"url\":\"https:\/\/costablancagreen.com\/wp-content\/uploads\/2022\/12\/logo.svg\",\"contentUrl\":\"https:\/\/costablancagreen.com\/wp-content\/uploads\/2022\/12\/logo.svg\",\"width\":300,\"height\":94,\"caption\":\"Costa Blanca Green Real Estate\"},\"image\":{\"@id\":\"https:\/\/costablancagreen.com\/#\/schema\/logo\/image\/\"}}]}<\/script>\n<!-- \/ Yoast SEO plugin. -->","yoast_head_json":{"title":"El Proceso de compra - Costa Blanca Green Real Estate","robots":{"index":"index","follow":"follow","max-snippet":"max-snippet:-1","max-image-preview":"max-image-preview:large","max-video-preview":"max-video-preview:-1"},"canonical":"https:\/\/costablancagreen.com\/es\/el-proceso-de-compra\/","og_locale":"es_ES","og_type":"article","og_title":"El Proceso de compra - Costa Blanca Green Real Estate","og_description":"El Proceso de compra Comprar una vivienda de Costablancagreen es realmente sencillo. Estaremos encantados de guiarle y asesorarle antes, durante y despu\u00e9s del proceso de compra. Aunque no existe una f\u00f3rmula exacta, dado que cada operaci\u00f3n es diferente, a continuaci\u00f3n le mostramos una gu\u00eda orientativa para la compra: 1.- NEGOCIACI\u00d3N. Una vez haya tomado la [&hellip;]","og_url":"https:\/\/costablancagreen.com\/es\/el-proceso-de-compra\/","og_site_name":"Costa Blanca Green Real Estate","article_modified_time":"2023-01-10T10:16:15+00:00","twitter_card":"summary_large_image","twitter_misc":{"Tiempo de lectura":"4 minutos"},"schema":{"@context":"https:\/\/schema.org","@graph":[{"@type":"WebPage","@id":"https:\/\/costablancagreen.com\/es\/el-proceso-de-compra\/","url":"https:\/\/costablancagreen.com\/es\/el-proceso-de-compra\/","name":"El Proceso de compra - Costa Blanca Green Real Estate","isPartOf":{"@id":"https:\/\/costablancagreen.com\/#website"},"datePublished":"2022-12-21T10:01:24+00:00","dateModified":"2023-01-10T10:16:15+00:00","breadcrumb":{"@id":"https:\/\/costablancagreen.com\/es\/el-proceso-de-compra\/#breadcrumb"},"inLanguage":"es","potentialAction":[{"@type":"ReadAction","target":["https:\/\/costablancagreen.com\/es\/el-proceso-de-compra\/"]}]},{"@type":"BreadcrumbList","@id":"https:\/\/costablancagreen.com\/es\/el-proceso-de-compra\/#breadcrumb","itemListElement":[{"@type":"ListItem","position":1,"name":"Home","item":"https:\/\/costablancagreen.com\/"},{"@type":"ListItem","position":2,"name":"El Proceso de compra"}]},{"@type":"WebSite","@id":"https:\/\/costablancagreen.com\/#website","url":"https:\/\/costablancagreen.com\/","name":"Costa Blanca Green Real Estate","description":"","publisher":{"@id":"https:\/\/costablancagreen.com\/#organization"},"potentialAction":[{"@type":"SearchAction","target":{"@type":"EntryPoint","urlTemplate":"https:\/\/costablancagreen.com\/?s={search_term_string}"},"query-input":{"@type":"PropertyValueSpecification","valueRequired":true,"valueName":"search_term_string"}}],"inLanguage":"es"},{"@type":"Organization","@id":"https:\/\/costablancagreen.com\/#organization","name":"Costa Blanca Green Real Estate","url":"https:\/\/costablancagreen.com\/","logo":{"@type":"ImageObject","inLanguage":"es","@id":"https:\/\/costablancagreen.com\/#\/schema\/logo\/image\/","url":"https:\/\/costablancagreen.com\/wp-content\/uploads\/2022\/12\/logo.svg","contentUrl":"https:\/\/costablancagreen.com\/wp-content\/uploads\/2022\/12\/logo.svg","width":300,"height":94,"caption":"Costa Blanca Green Real Estate"},"image":{"@id":"https:\/\/costablancagreen.com\/#\/schema\/logo\/image\/"}}]}},"_links":{"self":[{"href":"https:\/\/costablancagreen.com\/es\/wp-json\/wp\/v2\/pages\/385","targetHints":{"allow":["GET"]}}],"collection":[{"href":"https:\/\/costablancagreen.com\/es\/wp-json\/wp\/v2\/pages"}],"about":[{"href":"https:\/\/costablancagreen.com\/es\/wp-json\/wp\/v2\/types\/page"}],"author":[{"embeddable":true,"href":"https:\/\/costablancagreen.com\/es\/wp-json\/wp\/v2\/users\/1"}],"replies":[{"embeddable":true,"href":"https:\/\/costablancagreen.com\/es\/wp-json\/wp\/v2\/comments?post=385"}],"version-history":[{"count":4,"href":"https:\/\/costablancagreen.com\/es\/wp-json\/wp\/v2\/pages\/385\/revisions"}],"predecessor-version":[{"id":477,"href":"https:\/\/costablancagreen.com\/es\/wp-json\/wp\/v2\/pages\/385\/revisions\/477"}],"wp:attachment":[{"href":"https:\/\/costablancagreen.com\/es\/wp-json\/wp\/v2\/media?parent=385"}],"curies":[{"name":"wp","href":"https:\/\/api.w.org\/{rel}","templated":true}]}}